{"id":23,"date":"2023-02-07T18:38:40","date_gmt":"2023-02-07T17:38:40","guid":{"rendered":"https:\/\/fotorogowiec.pl\/?page_id=23"},"modified":"2024-01-18T15:23:23","modified_gmt":"2024-01-18T14:23:23","slug":"about","status":"publish","type":"page","link":"https:\/\/fotorogowiec.pl\/?page_id=23","title":{"rendered":"O mnie"},"content":{"rendered":"\n    <div\n      class=\"alignfull flex-block flex-block--blockID--35940\"\n      data-block-id=\"blockID--35940\" \n      id=\"flex-blockid--35940\"\n      \n    >\n    <style> @media only screen and (min-width: 768px) { .flex-block--blockID--35940 { --html-font-size: 1.25vw; --height:45em; --bg-color: var(--scheme_1--background--default); --margin-top: 0em; --margin-bottom: 0em; } } @media only screen and (max-width: 767px) { .flex-block--blockID--35940 { --html-font-size: 4.2666666666667vw; --height: 67em; --bg-color: var(--scheme_1--background--default); --margin-top: 0em; --margin-bottom: 0em; } } <\/style>\n    <div class=\"flex-block__main-container server-rendered\"><style> .flex-block__element--block-blockID--35940.flex-block__element--element_id_90963, .flex-element-animation-helper[data-id='element_id_90963'][data-block-id='blockID--35940'] { --el-width: 27.1875em; --el-width-tablet: 27.1875em; --el-height: 33.75em; --el-height-tablet: 33.75em; --el-actual-height: 33.75em; --el-actual-height-tablet: 33.75em; --position-top: 5.625em; --position-top-tablet: 5.625em; --position-left: 5.625em; --position-left-tablet: 5.625em; --rotateDeg: 0deg; --z-index: 3; opacity: 1;--border-radius: 0px; --object-size: cover; --object-position-x: 55.685741789715%; --object-position-y: 0%; } @media only screen and (max-width: 767px) { .flex-block__element--block-blockID--35940.flex-block__element--element_id_90963, .flex-element-animation-helper[data-id='element_id_90963'][data-block-id='blockID--35940'] { --el-width: 15.9375em; --el-width-tablet: 15.9375em; --el-height: 22.625em; --el-height-tablet: 22.625em; --el-actual-height: 22.625em; --el-actual-height-tablet: 22.625em; --position-top: 3.75em; --position-top-tablet: 3.75em; --position-left: 3.75em; --position-left-tablet: 3.75em; --rotateDeg: 0deg; --z-index: 3; opacity: 1;--border-radius: 0px; --object-size: cover; --object-position-x: 50%; --object-position-y: 50%; } } \/*ANIMATION START*\/\/*ANIMATION END*\/ .flex-block__element--block-blockID--35940.flex-block__element--element_id_12482, .flex-element-animation-helper[data-id='element_id_12482'][data-block-id='blockID--35940'] { --el-width: 27.1995em; --el-width-tablet: 27.1995em; --el-height: 1.64974em; --el-height-tablet: 1.64974em; --el-actual-height: 1.64974em; --el-actual-height-tablet: 1.64974em; --position-top: 7.1em; --position-top-tablet: 7.1em; --position-left: 36.775em; --position-left-tablet: 36.775em; --rotateDeg: 0deg; --z-index: 2; --border-radius: 0px; --text-vertical-align: flex-start; --text-align: center; --font-family: Cormorant; --el-height: auto; --el-paddings: 0em 0em; } @media only screen and (max-width: 767px) { .flex-block__element--block-blockID--35940.flex-block__element--element_id_12482, .flex-element-animation-helper[data-id='element_id_12482'][data-block-id='blockID--35940'] { --el-width: 19.6875em; --el-width-tablet: 19.6875em; --el-height: 7.5em; --el-height-tablet: 7.5em; --el-actual-height: 7.5em; --el-actual-height-tablet: 7.5em; --position-top: 30.125em; --position-top-tablet: 30.125em; --position-left: 1.875em; --position-left-tablet: 1.875em; --rotateDeg: 0deg; --z-index: 2; --border-radius: 0px; --text-vertical-align: flex-start; --text-align: center; --font-family: Cormorant; --el-height: auto; --el-paddings: 0em 0em; } } \/*ANIMATION START*\/\/*ANIMATION END*\/ .flex-block__element--block-blockID--35940.flex-block__element--element_id_72765, .flex-element-animation-helper[data-id='element_id_72765'][data-block-id='blockID--35940'] { --el-width: 27.19975em; --el-width-tablet: 27.19975em; --el-height: 20.79688em; --el-height-tablet: 20.79688em; --el-actual-height: 20.79688em; --el-actual-height-tablet: 20.79688em; --position-top: 11.925em; --position-top-tablet: 11.925em; --position-left: 38.275em; --position-left-tablet: 38.275em; --rotateDeg: 0deg; --z-index: 1; --border-radius: 0px; --text-vertical-align: flex-start; --text-align: left; --font-family: Open Sans; --el-height: auto; --el-paddings: 0em 0em; } @media only screen and (max-width: 767px) { .flex-block__element--block-blockID--35940.flex-block__element--element_id_72765, .flex-element-animation-helper[data-id='element_id_72765'][data-block-id='blockID--35940'] { --el-width: 19.6875em; --el-width-tablet: 19.6875em; --el-height: 19.25em; --el-height-tablet: 19.25em; --el-actual-height: 19.25em; --el-actual-height-tablet: 19.25em; --position-top: 40.125em; --position-top-tablet: 40.125em; --position-left: 1.875em; --position-left-tablet: 1.875em; --rotateDeg: 0deg; --z-index: 1; --border-radius: 0px; --text-vertical-align: flex-start; --text-align: left; --font-family: Open Sans; --el-height: auto; --el-paddings: 0em 0em; } } \/*ANIMATION START*\/\/*ANIMATION END*\/<\/style><div\n    class=\"flex-block__element flex-block__element--element_id_90963 flex-block__element--image    flex-block__element--block-blockID--35940   flex-block__element--synced \"\n    style=\"\n  \"><img class=\"flex-img-tag \" alt=\"\" sizes=\"(max-width: 767px) calc(15.9375 * 4.2666666666667vw), calc(51.740249187432 * 1.25vw)\" data-srcset=\"https:\/\/fotorogowiec.pl\/wp-content\/uploads\/2023\/04\/o-mnie-poziome-strona-www.jpg 1415w, https:\/\/fotorogowiec.pl\/wp-content\/uploads\/2023\/04\/o-mnie-poziome-strona-www-300x196.jpg 300w, https:\/\/fotorogowiec.pl\/wp-content\/uploads\/2023\/04\/o-mnie-poziome-strona-www-1024x668.jpg 1024w, https:\/\/fotorogowiec.pl\/wp-content\/uploads\/2023\/04\/o-mnie-poziome-strona-www-768x501.jpg 768w\"  data-src=\"https:\/\/fotorogowiec.pl\/wp-content\/uploads\/2023\/04\/o-mnie-poziome-strona-www.jpg\" \/><\/div>\n    <div class=\"flex-block__element flex-block__element--element_id_12482 flex-block__element--text  flex-block__element--block-blockID--35940  flex-block__element--editorTagsFix  flex-block__element--synced \" style=\"--font-size: 1.375em;--line-height: 1.2em;--letter-spacing: 0em;\">\n      <div  class=\"flex-block__text-content  height-auto\">\n        <p>Hello.<\/p>\n      <\/div>\n    <\/div>\n  \n    <div class=\"flex-block__element flex-block__element--element_id_72765 flex-block__element--text  flex-block__element--block-blockID--35940  flex-block__element--editorTagsFix  flex-block__element--synced \" style=\"--font-size: 0.8125em;--line-height: 1.6em;--letter-spacing: 0.09em;\">\n      <div  class=\"flex-block__text-content  height-auto\">\n        <p><span style=\"color:var(--scheme_2--text--default)\"><em>Nazywam si\u0119 Daniel i jestem  fotografem samoukiem, ze szczeg\u00f3ln\u0105 mi\u0142o\u015bci\u0105 do naturalnego \u015bwiat\u0142a i surowych emocji. Nie jestem dobry w zabawie s\u0142owami. Wol\u0119, aby moje prace m\u00f3wi\u0142y za mnie.  Uwielbiam to jak fotografia mo\u017ce uchwyci\u0107 chwil\u0119, atmosfer\u0119, emocj\u0119 i wspomnienia. Lubi\u0119 w naturalny spos\u00f3b rejestrowa\u0107 \u017cycie takim, jakie jest, tworz\u0105c wizualn\u0105 pami\u0105tk\u0119 dla przysz\u0142ych pokole\u0144. Moim g\u0142\u00f3wnym celem jest kreatywne uchwycenie Waszej historii, aby ka\u017cda chwila, poca\u0142unek, u\u015bmiech, oddanie, \u0142zy szcz\u0119\u015bcia z\u0142o\u017cy\u0142y si\u0119 na niepowtarzaln\u0105 kolekcj\u0119 zdj\u0119\u0107, do kt\u00f3rej b\u0119dziecie z przyjemno\u015bci\u0105 wraca\u0107.  Je\u015bli to brzmi troch\u0119 zbyt g\u0142\u0119boko, nie martw si\u0119, ja Jestem do\u015b\u0107 wyluzowanym facetem z wyluzowanym podej\u015bciem. Ty b\u0119dziesz sob\u0105, a ja b\u0119d\u0119 sob\u0105. Najlepsze zdj\u0119cia pochodz\u0105 od ludzi, kt\u00f3rzy s\u0105 sob\u0105, kiedy mo\u017cna zapomnie\u0107 o stresie dnia i po prostu kocha\u0107 si\u0119 nawzajem.<\/em><\/span><\/p>\n      <\/div>\n    <\/div>\n  <\/div><\/div>\n\n\n<p><\/p>\n\n\n\n<figure class=\"wp-block-gallery has-nested-images columns-default is-cropped wp-block-gallery-1 is-layout-flex wp-block-gallery-is-layout-flex\">\n<figure class=\"wp-block-image size-large\"><img loading=\"lazy\" decoding=\"async\" width=\"1024\" height=\"683\" data-id=\"255\" src=\"https:\/\/fotorogowiec.pl\/wp-content\/uploads\/2023\/04\/135-1024x683.jpg\" alt=\"\" class=\"wp-image-255\" srcset=\"https:\/\/fotorogowiec.pl\/wp-content\/uploads\/2023\/04\/135-1024x683.jpg 1024w, https:\/\/fotorogowiec.pl\/wp-content\/uploads\/2023\/04\/135-300x200.jpg 300w, https:\/\/fotorogowiec.pl\/wp-content\/uploads\/2023\/04\/135-768x512.jpg 768w, https:\/\/fotorogowiec.pl\/wp-content\/uploads\/2023\/04\/135-1536x1024.jpg 1536w, https:\/\/fotorogowiec.pl\/wp-content\/uploads\/2023\/04\/135-2048x1365.jpg 2048w\" sizes=\"auto, (max-width: 1024px) 100vw, 1024px\" \/><\/figure>\n\n\n\n<figure class=\"wp-block-image size-large\"><img loading=\"lazy\" decoding=\"async\" width=\"1024\" height=\"682\" data-id=\"252\" src=\"https:\/\/fotorogowiec.pl\/wp-content\/uploads\/2023\/04\/1B5B2965-1024x682.jpg\" alt=\"\" class=\"wp-image-252\" srcset=\"https:\/\/fotorogowiec.pl\/wp-content\/uploads\/2023\/04\/1B5B2965-1024x682.jpg 1024w, https:\/\/fotorogowiec.pl\/wp-content\/uploads\/2023\/04\/1B5B2965-300x200.jpg 300w, https:\/\/fotorogowiec.pl\/wp-content\/uploads\/2023\/04\/1B5B2965-768x512.jpg 768w, https:\/\/fotorogowiec.pl\/wp-content\/uploads\/2023\/04\/1B5B2965.jpg 1346w\" sizes=\"auto, (max-width: 1024px) 100vw, 1024px\" \/><\/figure>\n\n\n\n<figure class=\"wp-block-image size-large\"><img loading=\"lazy\" decoding=\"async\" width=\"1024\" height=\"683\" data-id=\"253\" src=\"https:\/\/fotorogowiec.pl\/wp-content\/uploads\/2023\/04\/x-743-1024x683.jpg\" alt=\"\" class=\"wp-image-253\" srcset=\"https:\/\/fotorogowiec.pl\/wp-content\/uploads\/2023\/04\/x-743-1024x683.jpg 1024w, https:\/\/fotorogowiec.pl\/wp-content\/uploads\/2023\/04\/x-743-300x200.jpg 300w, https:\/\/fotorogowiec.pl\/wp-content\/uploads\/2023\/04\/x-743-768x512.jpg 768w, https:\/\/fotorogowiec.pl\/wp-content\/uploads\/2023\/04\/x-743-1536x1024.jpg 1536w, https:\/\/fotorogowiec.pl\/wp-content\/uploads\/2023\/04\/x-743.jpg 1642w\" sizes=\"auto, (max-width: 1024px) 100vw, 1024px\" \/><\/figure>\n<\/figure>\n\n\n\n<ul class=\"wp-block-social-links is-layout-flex wp-block-social-links-is-layout-flex\"><\/ul>\n\n\n\n<ul class=\"wp-block-social-links is-layout-flex wp-block-social-links-is-layout-flex\"><\/ul>\n","protected":false},"excerpt":{"rendered":"","protected":false},"author":1,"featured_media":0,"parent":0,"menu_order":0,"comment_status":"closed","ping_status":"closed","template":"","meta":{"footnotes":""},"class_list":["post-23","page","type-page","status-publish","hentry"],"fbg_featured_image_src":{"full":false,"thumbnail":false,"medium":false,"medium_large":false,"large":false,"1536x1536":false,"2048x2048":false},"fbg_excerpt":null,"_links":{"self":[{"href":"https:\/\/fotorogowiec.pl\/index.php?rest_route=\/wp\/v2\/pages\/23","targetHints":{"allow":["GET"]}}],"collection":[{"href":"https:\/\/fotorogowiec.pl\/index.php?rest_route=\/wp\/v2\/pages"}],"about":[{"href":"https:\/\/fotorogowiec.pl\/index.php?rest_route=\/wp\/v2\/types\/page"}],"author":[{"embeddable":true,"href":"https:\/\/fotorogowiec.pl\/index.php?rest_route=\/wp\/v2\/users\/1"}],"replies":[{"embeddable":true,"href":"https:\/\/fotorogowiec.pl\/index.php?rest_route=%2Fwp%2Fv2%2Fcomments&post=23"}],"version-history":[{"count":12,"href":"https:\/\/fotorogowiec.pl\/index.php?rest_route=\/wp\/v2\/pages\/23\/revisions"}],"predecessor-version":[{"id":307,"href":"https:\/\/fotorogowiec.pl\/index.php?rest_route=\/wp\/v2\/pages\/23\/revisions\/307"}],"wp:attachment":[{"href":"https:\/\/fotorogowiec.pl\/index.php?rest_route=%2Fwp%2Fv2%2Fmedia&parent=23"}],"curies":[{"name":"wp","href":"https:\/\/api.w.org\/{rel}","templated":true}]}}