{"id":1453,"date":"2024-02-01T21:39:28","date_gmt":"2024-02-01T20:39:28","guid":{"rendered":"https:\/\/fotorogowiec.pl\/?page_id=1453"},"modified":"2024-02-01T21:51:05","modified_gmt":"2024-02-01T20:51:05","slug":"fotobudka-happy-lustro","status":"publish","type":"page","link":"https:\/\/fotorogowiec.pl\/?page_id=1453","title":{"rendered":"Fotobudka Happy Lustro"},"content":{"rendered":"\n    <div\n      class=\"alignfull flex-block flex-block--blockID--85137\"\n      data-block-id=\"blockID--85137\" \n      id=\"flex-blockid--85137\"\n      \n    >\n    <style> @media only screen and (min-width: 768px) { .flex-block--blockID--85137 { --html-font-size: 1.25vw; --height:47.5em; --bg-color: var(--scheme_1--background--default); --margin-top: 0em; --margin-bottom: 0em; } } @media only screen and (max-width: 767px) { .flex-block--blockID--85137 { --html-font-size: 4.2666666666667vw; --height: 54.6875em; --bg-color: var(--scheme_1--background--default); --margin-top: 0em; --margin-bottom: 0em; } } <\/style>\n    <div class=\"flex-block__main-container server-rendered\"><style> .flex-block__element--block-blockID--85137.flex-block__element--element_id_41740, .flex-element-animation-helper[data-id='element_id_41740'][data-block-id='blockID--85137'] { --el-width: 60.90625em; --el-width-tablet: 60.90625em; --el-height: 21em; --el-height-tablet: 21em; --el-actual-height: 21em; --el-actual-height-tablet: 21em; --position-top: 0.375em; --position-top-tablet: 0.375em; --position-left: 12.34375em; --position-left-tablet: 12.34375em; --rotateDeg: 0deg; --z-index: 1; opacity: 1;--border-radius: 0px; } @media only screen and (max-width: 767px) { .flex-block__element--block-blockID--85137.flex-block__element--element_id_41740, .flex-element-animation-helper[data-id='element_id_41740'][data-block-id='blockID--85137'] { --el-width: 23.4375em; --el-width-tablet: 23.4375em; --el-height: 24.375em; --el-height-tablet: 24.375em; --el-actual-height: 24.375em; --el-actual-height-tablet: 24.375em; --position-top: 0em; --position-top-tablet: 0em; --position-left: 0em; --position-left-tablet: 0em; --rotateDeg: 0deg; --z-index: 1; opacity: 1;--border-radius: 0px; } } \/*ANIMATION START*\/\/*ANIMATION END*\/ .flex-block__element--block-blockID--85137.flex-block__element--element_id_63478, .flex-element-animation-helper[data-id='element_id_63478'][data-block-id='blockID--85137'] { --el-width: 43.875em; --el-width-tablet: 43.875em; --el-height: 1.09993em; --el-height-tablet: 1.09993em; --el-actual-height: 1.09993em; --el-actual-height-tablet: 1.09993em; --position-top: 9.625em; --position-top-tablet: 9.625em; --position-left: 18.0625em; --position-left-tablet: 18.0625em; --rotateDeg: 0deg; --z-index: 6; --border-radius: 0px; --text-vertical-align: flex-start; --text-align: center; --el-height: auto; --el-paddings: 0em 0em; } @media only screen and (max-width: 767px) { .flex-block__element--block-blockID--85137.flex-block__element--element_id_63478, .flex-element-animation-helper[data-id='element_id_63478'][data-block-id='blockID--85137'] { --el-width: 19.6875em; --el-width-tablet: 19.6875em; --el-height: 1.125em; --el-height-tablet: 1.125em; --el-actual-height: 1.125em; --el-actual-height-tablet: 1.125em; --position-top: 5.625em; --position-top-tablet: 5.625em; --position-left: 1.875em; --position-left-tablet: 1.875em; --rotateDeg: 0deg; --z-index: 6; --border-radius: 0px; --text-vertical-align: flex-start; --text-align: center; --el-height: auto; --el-paddings: 0em 0em; } } \/*ANIMATION START*\/\/*ANIMATION END*\/ .flex-block__element--block-blockID--85137.flex-block__element--element_id_86598, .flex-element-animation-helper[data-id='element_id_86598'][data-block-id='blockID--85137'] { --el-width: 33.125em; --el-width-tablet: 33.125em; --el-height: 2.69987em; --el-height-tablet: 2.69987em; --el-actual-height: 2.69987em; --el-actual-height-tablet: 2.69987em; --position-top: 11.375em; --position-top-tablet: 11.375em; --position-left: 23.4375em; --position-left-tablet: 23.4375em; --rotateDeg: 0deg; --z-index: 5; --border-radius: 0px; --text-vertical-align: flex-start; --text-align: center; --el-height: auto; --el-paddings: 0em 0em; } @media only screen and (max-width: 767px) { .flex-block__element--block-blockID--85137.flex-block__element--element_id_86598, .flex-element-animation-helper[data-id='element_id_86598'][data-block-id='blockID--85137'] { --el-width: 19.6875em; --el-width-tablet: 19.6875em; --el-height: 5em; --el-height-tablet: 5em; --el-actual-height: 5em; --el-actual-height-tablet: 5em; --position-top: 7.6875em; --position-top-tablet: 7.6875em; --position-left: 1.875em; --position-left-tablet: 1.875em; --rotateDeg: 0deg; --z-index: 5; --border-radius: 0px; --text-vertical-align: flex-start; --text-align: center; --el-height: auto; --el-paddings: 0em 0em; } } \/*ANIMATION START*\/\/*ANIMATION END*\/ .flex-block__element--block-blockID--85137.flex-block__element--element_id_48553, .flex-element-animation-helper[data-id='element_id_48553'][data-block-id='blockID--85137'] { --el-width: 43.875em; --el-width-tablet: 43.875em; --el-height: 1.57487em; --el-height-tablet: 1.57487em; --el-actual-height: 1.57487em; --el-actual-height-tablet: 1.57487em; --position-top: 14.75em; --position-top-tablet: 14.75em; --position-left: 18.0625em; --position-left-tablet: 18.0625em; --rotateDeg: 0deg; --z-index: 4; --border-radius: 0px; --text-vertical-align: flex-start; --text-align: center; --el-height: auto; --el-paddings: 0em 0em; } @media only screen and (max-width: 767px) { .flex-block__element--block-blockID--85137.flex-block__element--element_id_48553, .flex-element-animation-helper[data-id='element_id_48553'][data-block-id='blockID--85137'] { --el-width: 19.6875em; --el-width-tablet: 19.6875em; --el-height: 1.8125em; --el-height-tablet: 1.8125em; --el-actual-height: 1.8125em; --el-actual-height-tablet: 1.8125em; --position-top: 13.625em; --position-top-tablet: 13.625em; --position-left: 1.875em; --position-left-tablet: 1.875em; --rotateDeg: 0deg; --z-index: 4; --border-radius: 0px; --text-vertical-align: flex-start; --text-align: center; --el-height: auto; --el-paddings: 0em 0em; } } \/*ANIMATION START*\/\/*ANIMATION END*\/ .flex-block__element--block-blockID--85137.flex-block__element--element_id_98788, .flex-element-animation-helper[data-id='element_id_98788'][data-block-id='blockID--85137'] { --el-width: 56.75em; --el-width-tablet: 56.75em; --el-height: 17.6875em; --el-height-tablet: 17.6875em; --el-actual-height: 17.6875em; --el-actual-height-tablet: 17.6875em; --position-top: 28.71875em; --position-top-tablet: 28.71875em; --position-left: 11.40625em; --position-left-tablet: 11.40625em; --rotateDeg: 0deg; --z-index: 2; --border-radius: 0px; --backgroundColor: var(--scheme_1--background--accent); } @media only screen and (max-width: 767px) { .flex-block__element--block-blockID--85137.flex-block__element--element_id_98788, .flex-element-animation-helper[data-id='element_id_98788'][data-block-id='blockID--85137'] { --el-width: 19.6875em; --el-width-tablet: 19.6875em; --el-height: 31.75em; --el-height-tablet: 31.75em; --el-actual-height: 31.75em; --el-actual-height-tablet: 31.75em; --position-top: 21.0625em; --position-top-tablet: 21.0625em; --position-left: 1.875em; --position-left-tablet: 1.875em; --rotateDeg: 0deg; --z-index: 2; --border-radius: 0px; --backgroundColor: var(--scheme_1--background--accent); } } \/*ANIMATION START*\/\/*ANIMATION END*\/ .flex-block__element--block-blockID--85137.flex-block__element--element_id_54374, .flex-element-animation-helper[data-id='element_id_54374'][data-block-id='blockID--85137'] { --el-width: 50em; --el-width-tablet: 50em; --el-height: 16.53222em; --el-height-tablet: 16.53222em; --el-actual-height: 16.53222em; --el-actual-height-tablet: 16.53222em; --position-top: 30.0625em; --position-top-tablet: 30.0625em; --position-left: 15em; --position-left-tablet: 15em; --rotateDeg: 0deg; --z-index: 3; --border-radius: 0px; --text-vertical-align: flex-start; --text-align: center; --el-height: auto; --el-paddings: 0em 0em; } @media only screen and (max-width: 767px) { .flex-block__element--block-blockID--85137.flex-block__element--element_id_54374, .flex-element-animation-helper[data-id='element_id_54374'][data-block-id='blockID--85137'] { --el-width: 16.5625em; --el-width-tablet: 16.5625em; --el-height: 28em; --el-height-tablet: 28em; --el-actual-height: 28em; --el-actual-height-tablet: 28em; --position-top: 22.9375em; --position-top-tablet: 22.9375em; --position-left: 3.4375em; --position-left-tablet: 3.4375em; --rotateDeg: 0deg; --z-index: 3; --border-radius: 0px; --text-vertical-align: flex-start; --text-align: center; --el-height: auto; --el-paddings: 0em 0em; } } \/*ANIMATION START*\/\/*ANIMATION END*\/<\/style><div\n    class=\"flex-block__element flex-block__element--element_id_41740 flex-block__element--image    flex-block__element--block-blockID--85137   flex-block__element--synced \"\n    style=\"\n  \"><img class=\"flex-img-tag \" alt=\"\"   data-src=\"\" \/><\/div>\n    <div class=\"flex-block__element flex-block__element--element_id_63478 flex-block__element--text  flex-block__element--block-blockID--85137   flex-block__element--synced \" style=\"\">\n      <div data-font='third_level\/overline_1' class=\"flex-block__text-content  height-auto\">\n        <p><span style=\"color:rgb(255, 255, 255)\">Resources for you<\/span><\/p>\n      <\/div>\n    <\/div>\n  \n    <div class=\"flex-block__element flex-block__element--element_id_86598 flex-block__element--text  flex-block__element--block-blockID--85137   flex-block__element--synced \" style=\"\">\n      <div data-font='title_1\/large' class=\"flex-block__text-content  height-auto\">\n        <p><span style=\"color:rgb(255, 255, 255)\">Educational Guides<\/span><\/p>\n      <\/div>\n    <\/div>\n  \n    <div class=\"flex-block__element flex-block__element--element_id_48553 flex-block__element--text  flex-block__element--block-blockID--85137   flex-block__element--synced \" style=\"\">\n      <div data-font='title_2\/xsmall' class=\"flex-block__text-content  height-auto\">\n        <p><span style=\"color:rgb(255, 255, 255)\">Free & Premium<\/span><\/p>\n      <\/div>\n    <\/div>\n  <div class=\"flex-block__element flex-block__element--element_id_98788 flex-block__element--shape   flex-block__element--block-blockID--85137   flex-block__element--synced \" style=\"\"><\/div>\n    <div class=\"flex-block__element flex-block__element--element_id_54374 flex-block__element--text  flex-block__element--block-blockID--85137  flex-block__element--editorTagsFix  flex-block__element--synced \" style=\"\">\n      <div data-font='second_level\/paragraph' class=\"flex-block__text-content  height-auto\">\n        <p>Odkryj niezapomnian\u0105 przyjemno\u015b\u0107 zabawy z Fotobudk\u0105 Happy Lustro! \ud83d\udcf8\ud83c\udf89<\/p><p>\ud83c\udf1f Planujesz wyj\u0105tkowe wydarzenie, kt\u00f3re ma pozosta\u0107 w pami\u0119ci na zawsze? Rozpocznij swoj\u0105 przygod\u0119 z niezapomnianymi chwilami, dzi\u0119ki Fotobudce Happy Lustro! \ud83c\udf1f<\/p><div class=\"spacer\"><\/div><p>\ud83d\udcf8 <strong>Niesamowite Zdj\u0119cia:<\/strong> Przekszta\u0142\u0107 swoje wydarzenie w unikalne wspomnienia! Fotobudka Happy Lustro zapewni Ci zdj\u0119cia pe\u0142ne u\u015bmiechu, spontaniczno\u015bci i rado\u015bci.<\/p><p><strong>Idealne na Wszystkie Okazje:<\/strong> Wesela, osiemnastki, urodziny, studni\u00f3wki - bez wzgl\u0119du na okazj\u0119, Fotobudka Happy Lustro sprawi, \u017ce ka\u017cde wydarzenie b\u0119dzie jeszcze bardziej wyj\u0105tkowe!<\/p><div class=\"spacer\"><\/div><p>Niech ka\u017cda chwila stanie si\u0119 niezapomnian\u0105 przygod\u0105 w towarzystwie Fotobudki Happy Lustro! \ud83c\udf1f\ud83d\udcf8\u2728<\/p><div class=\"spacer\"><\/div>\n      <\/div>\n    <\/div>\n  <\/div><\/div>\r\n\r\n\r\n<p><\/p>\r\n\r\n\r\n\r\n<figure class=\"wp-block-embed is-type-video is-provider-youtube wp-block-embed-youtube wp-embed-aspect-16-9 wp-has-aspect-ratio\"><div class=\"wp-block-embed__wrapper\">\r\n<iframe loading=\"lazy\" title=\"Happy Lustro Fotobudka\" width=\"640\" height=\"360\" src=\"https:\/\/www.youtube.com\/embed\/j30YU2aTFvA?feature=oembed\" frameborder=\"0\" allow=\"accelerometer; autoplay; clipboard-write; encrypted-media; gyroscope; picture-in-picture; web-share\" referrerpolicy=\"strict-origin-when-cross-origin\" allowfullscreen><\/iframe>\r\n<\/div><figcaption class=\"wp-element-caption\">Podgl\u0105d pracy fotobudki Happy Lustro<\/figcaption><\/figure>\r\n","protected":false},"excerpt":{"rendered":"","protected":false},"author":1,"featured_media":0,"parent":0,"menu_order":0,"comment_status":"closed","ping_status":"closed","template":"","meta":{"footnotes":""},"class_list":["post-1453","page","type-page","status-publish","hentry"],"fbg_featured_image_src":{"full":false,"thumbnail":false,"medium":false,"medium_large":false,"large":false,"1536x1536":false,"2048x2048":false},"fbg_excerpt":null,"_links":{"self":[{"href":"https:\/\/fotorogowiec.pl\/index.php?rest_route=\/wp\/v2\/pages\/1453","targetHints":{"allow":["GET"]}}],"collection":[{"href":"https:\/\/fotorogowiec.pl\/index.php?rest_route=\/wp\/v2\/pages"}],"about":[{"href":"https:\/\/fotorogowiec.pl\/index.php?rest_route=\/wp\/v2\/types\/page"}],"author":[{"embeddable":true,"href":"https:\/\/fotorogowiec.pl\/index.php?rest_route=\/wp\/v2\/users\/1"}],"replies":[{"embeddable":true,"href":"https:\/\/fotorogowiec.pl\/index.php?rest_route=%2Fwp%2Fv2%2Fcomments&post=1453"}],"version-history":[{"count":6,"href":"https:\/\/fotorogowiec.pl\/index.php?rest_route=\/wp\/v2\/pages\/1453\/revisions"}],"predecessor-version":[{"id":1463,"href":"https:\/\/fotorogowiec.pl\/index.php?rest_route=\/wp\/v2\/pages\/1453\/revisions\/1463"}],"wp:attachment":[{"href":"https:\/\/fotorogowiec.pl\/index.php?rest_route=%2Fwp%2Fv2%2Fmedia&parent=1453"}],"curies":[{"name":"wp","href":"https:\/\/api.w.org\/{rel}","templated":true}]}}