{"id":1447,"date":"2024-02-01T21:31:59","date_gmt":"2024-02-01T20:31:59","guid":{"rendered":"https:\/\/fotorogowiec.pl\/?page_id=1447"},"modified":"2024-02-01T21:33:33","modified_gmt":"2024-02-01T20:33:33","slug":"chrzty-i-komunie-sw","status":"publish","type":"page","link":"https:\/\/fotorogowiec.pl\/?page_id=1447","title":{"rendered":"Chrzty i Komunie \u015aW."},"content":{"rendered":"<div class=\"\n\t\tflo-block\n\t\tflo-block-post-grid flo-block-post-grid--text-under\tflo-block-post-grid--text-under-mobile\tflo-block-post-grid--columns-3\tflo-block-post-grid--masonry\t\t\t\" style=\"\n\t--gap-between-items: 1.25em;\n --mobile-gap-between-items: 0.625em;\n --gap-inside-overlay: 0em;\n\t--color-overlay: var(--scheme_1--text--accent);\n\t--opacity-overlay: 0.3;\n\t--text-elements-color: var(--scheme_1--text--default);\n\t--mobile-text-elements-color: var(--scheme_1--text--default);\n\t--meta-color: var(--scheme_1--overline--default);\n\t--mobile-meta-color: var(--scheme_1--overline--default);\n\t--image-height: 21.875em;\n --mobile-image-height: 15.625em;\n\t--top-margin: 0em;\n\t--bottom-margin: 0em;\n\t--mobile-top-margin: 0em;\n\t--mobile-bottom-margin: 0em;\n\t\t\t\t \" >\n\t\t\t<div class=\"\n\t\t flo-block-post-grid__items\">\n\t\t\t\n\t\t\t\t<div class=\"flo-block-post-grid__item\">\n\t\t\t\t\t<div class=\"flo-block-post-grid__image-wrapper\">\n\t\t\t\t\t\t\t\t\t\t\t\t\t<div class='flo-block-post-grid__image'>\n\t\t\t\t\t\t\t\t<a href=\"https:\/\/fotorogowiec.pl\/?p=1145\">\n\t\t\t\t\t\t\t\t\t<img width=\"2560\" height=\"1707\" class=\"lazyload\" data-src=\"https:\/\/fotorogowiec.pl\/wp-content\/uploads\/2024\/02\/a-59-scaled.jpg\" data-srcset=\"https:\/\/fotorogowiec.pl\/wp-content\/uploads\/2024\/02\/a-59-scaled.jpg 2560w, https:\/\/fotorogowiec.pl\/wp-content\/uploads\/2024\/02\/a-59-300x200.jpg 300w, https:\/\/fotorogowiec.pl\/wp-content\/uploads\/2024\/02\/a-59-1024x683.jpg 1024w, https:\/\/fotorogowiec.pl\/wp-content\/uploads\/2024\/02\/a-59-768x512.jpg 768w, https:\/\/fotorogowiec.pl\/wp-content\/uploads\/2024\/02\/a-59-1536x1024.jpg 1536w, https:\/\/fotorogowiec.pl\/wp-content\/uploads\/2024\/02\/a-59-2048x1365.jpg 2048w\" sizes=\"(min-width: 768px) calc(100vw \/ 3), 100vw\" \/>\n\t\t\t\t\t\t\t\t<\/a>\n\t\t\t\t\t\t\t<\/div>\n\t\t\t\t\t\t\n\t\t\t\t\t\t<div class=\"flo-block-post-grid__overlay-wrapper \">\n\t\t\t\t\t\t<a href=\"https:\/\/fotorogowiec.pl\/?p=1145\">\t\n\t\t\t\t\t\t\t<div class=\"flo-block-post-grid__overlay\"><\/div>\n\t\t\t\t\t\t<\/a>\n\t\t\t\t\t\t<\/div>\n\n\t\t\t\t\t\t\t\t\t\t\t\t\t\t\t\t<div class=\"flo-block-post-grid__text\">\n\t\t\t\t\t\t\t\t\t\t<h3 class=\"flo-block-post-grid__title\"><a class=\"in_block\" data-font=\"title_1\/xsmall\" href=\"https:\/\/fotorogowiec.pl\/?p=1145\">Komunia \u015aW. Julii<\/a><\/h3>\n\t\t\t\t\t\t\t\t\t<\/div>\n\n\t\t\t\t\t\t\t\t\t\t\t\t\t\t\t<\/div>\n\t\t\t\t\t\t\t\t\t\t\t\t\t\t\t\t\t\t\t<\/div>\n\t\t\t\n\t\t\t\t<div class=\"flo-block-post-grid__item\">\n\t\t\t\t\t<div class=\"flo-block-post-grid__image-wrapper\">\n\t\t\t\t\t\t\t\t\t\t\t\t\t<div class='flo-block-post-grid__image'>\n\t\t\t\t\t\t\t\t<a href=\"https:\/\/fotorogowiec.pl\/?p=1098\">\n\t\t\t\t\t\t\t\t\t<img width=\"2560\" height=\"1707\" class=\"lazyload\" data-src=\"https:\/\/fotorogowiec.pl\/wp-content\/uploads\/2024\/02\/a-114-scaled.jpg\" data-srcset=\"https:\/\/fotorogowiec.pl\/wp-content\/uploads\/2024\/02\/a-114-scaled.jpg 2560w, https:\/\/fotorogowiec.pl\/wp-content\/uploads\/2024\/02\/a-114-300x200.jpg 300w, https:\/\/fotorogowiec.pl\/wp-content\/uploads\/2024\/02\/a-114-1024x683.jpg 1024w, https:\/\/fotorogowiec.pl\/wp-content\/uploads\/2024\/02\/a-114-768x512.jpg 768w, https:\/\/fotorogowiec.pl\/wp-content\/uploads\/2024\/02\/a-114-1536x1024.jpg 1536w, https:\/\/fotorogowiec.pl\/wp-content\/uploads\/2024\/02\/a-114-2048x1365.jpg 2048w\" sizes=\"(min-width: 768px) calc(100vw \/ 3), 100vw\" \/>\n\t\t\t\t\t\t\t\t<\/a>\n\t\t\t\t\t\t\t<\/div>\n\t\t\t\t\t\t\n\t\t\t\t\t\t<div class=\"flo-block-post-grid__overlay-wrapper \">\n\t\t\t\t\t\t<a href=\"https:\/\/fotorogowiec.pl\/?p=1098\">\t\n\t\t\t\t\t\t\t<div class=\"flo-block-post-grid__overlay\"><\/div>\n\t\t\t\t\t\t<\/a>\n\t\t\t\t\t\t<\/div>\n\n\t\t\t\t\t\t\t\t\t\t\t\t\t\t\t\t<div class=\"flo-block-post-grid__text\">\n\t\t\t\t\t\t\t\t\t\t<h3 class=\"flo-block-post-grid__title\"><a class=\"in_block\" data-font=\"title_1\/xsmall\" href=\"https:\/\/fotorogowiec.pl\/?p=1098\">Chrzest \u015aW. R\u00f3\u017cy<\/a><\/h3>\n\t\t\t\t\t\t\t\t\t<\/div>\n\n\t\t\t\t\t\t\t\t\t\t\t\t\t\t\t<\/div>\n\t\t\t\t\t\t\t\t\t\t\t\t\t\t\t\t\t\t\t<\/div>\n\t\t\t\n\t\t\t\t<div class=\"flo-block-post-grid__item\">\n\t\t\t\t\t<div class=\"flo-block-post-grid__image-wrapper\">\n\t\t\t\t\t\t\t\t\t\t\t\t\t<div class='flo-block-post-grid__image'>\n\t\t\t\t\t\t\t\t<a href=\"https:\/\/fotorogowiec.pl\/?p=1039\">\n\t\t\t\t\t\t\t\t\t<img width=\"2560\" height=\"1707\" class=\"lazyload\" data-src=\"https:\/\/fotorogowiec.pl\/wp-content\/uploads\/2024\/02\/a-177-scaled.jpg\" data-srcset=\"https:\/\/fotorogowiec.pl\/wp-content\/uploads\/2024\/02\/a-177-scaled.jpg 2560w, https:\/\/fotorogowiec.pl\/wp-content\/uploads\/2024\/02\/a-177-300x200.jpg 300w, https:\/\/fotorogowiec.pl\/wp-content\/uploads\/2024\/02\/a-177-1024x683.jpg 1024w, https:\/\/fotorogowiec.pl\/wp-content\/uploads\/2024\/02\/a-177-768x512.jpg 768w, https:\/\/fotorogowiec.pl\/wp-content\/uploads\/2024\/02\/a-177-1536x1024.jpg 1536w, https:\/\/fotorogowiec.pl\/wp-content\/uploads\/2024\/02\/a-177-2048x1365.jpg 2048w\" sizes=\"(min-width: 768px) calc(100vw \/ 3), 100vw\" \/>\n\t\t\t\t\t\t\t\t<\/a>\n\t\t\t\t\t\t\t<\/div>\n\t\t\t\t\t\t\n\t\t\t\t\t\t<div class=\"flo-block-post-grid__overlay-wrapper \">\n\t\t\t\t\t\t<a href=\"https:\/\/fotorogowiec.pl\/?p=1039\">\t\n\t\t\t\t\t\t\t<div class=\"flo-block-post-grid__overlay\"><\/div>\n\t\t\t\t\t\t<\/a>\n\t\t\t\t\t\t<\/div>\n\n\t\t\t\t\t\t\t\t\t\t\t\t\t\t\t\t<div class=\"flo-block-post-grid__text\">\n\t\t\t\t\t\t\t\t\t\t<h3 class=\"flo-block-post-grid__title\"><a class=\"in_block\" data-font=\"title_1\/xsmall\" href=\"https:\/\/fotorogowiec.pl\/?p=1039\">Komunia \u015aW. Zosi<\/a><\/h3>\n\t\t\t\t\t\t\t\t\t<\/div>\n\n\t\t\t\t\t\t\t\t\t\t\t\t\t\t\t<\/div>\n\t\t\t\t\t\t\t\t\t\t\t\t\t\t\t\t\t\t\t<\/div>\n\t\t\t\n\t\t\t\t<div class=\"flo-block-post-grid__item\">\n\t\t\t\t\t<div class=\"flo-block-post-grid__image-wrapper\">\n\t\t\t\t\t\t\t\t\t\t\t\t\t<div class='flo-block-post-grid__image'>\n\t\t\t\t\t\t\t\t<a href=\"https:\/\/fotorogowiec.pl\/?p=1010\">\n\t\t\t\t\t\t\t\t\t<img width=\"2560\" height=\"1707\" class=\"lazyload\" data-src=\"https:\/\/fotorogowiec.pl\/wp-content\/uploads\/2024\/02\/a-12-scaled.jpg\" data-srcset=\"https:\/\/fotorogowiec.pl\/wp-content\/uploads\/2024\/02\/a-12-scaled.jpg 2560w, https:\/\/fotorogowiec.pl\/wp-content\/uploads\/2024\/02\/a-12-300x200.jpg 300w, https:\/\/fotorogowiec.pl\/wp-content\/uploads\/2024\/02\/a-12-1024x683.jpg 1024w, https:\/\/fotorogowiec.pl\/wp-content\/uploads\/2024\/02\/a-12-768x512.jpg 768w, https:\/\/fotorogowiec.pl\/wp-content\/uploads\/2024\/02\/a-12-1536x1024.jpg 1536w, https:\/\/fotorogowiec.pl\/wp-content\/uploads\/2024\/02\/a-12-2048x1365.jpg 2048w\" sizes=\"(min-width: 768px) calc(100vw \/ 3), 100vw\" \/>\n\t\t\t\t\t\t\t\t<\/a>\n\t\t\t\t\t\t\t<\/div>\n\t\t\t\t\t\t\n\t\t\t\t\t\t<div class=\"flo-block-post-grid__overlay-wrapper \">\n\t\t\t\t\t\t<a href=\"https:\/\/fotorogowiec.pl\/?p=1010\">\t\n\t\t\t\t\t\t\t<div class=\"flo-block-post-grid__overlay\"><\/div>\n\t\t\t\t\t\t<\/a>\n\t\t\t\t\t\t<\/div>\n\n\t\t\t\t\t\t\t\t\t\t\t\t\t\t\t\t<div class=\"flo-block-post-grid__text\">\n\t\t\t\t\t\t\t\t\t\t<h3 class=\"flo-block-post-grid__title\"><a class=\"in_block\" data-font=\"title_1\/xsmall\" href=\"https:\/\/fotorogowiec.pl\/?p=1010\">Chrzest \u015aW. Sonii<\/a><\/h3>\n\t\t\t\t\t\t\t\t\t<\/div>\n\n\t\t\t\t\t\t\t\t\t\t\t\t\t\t\t<\/div>\n\t\t\t\t\t\t\t\t\t\t\t\t\t\t\t\t\t\t\t<\/div>\n\t\t\t\n\t\t\t\t<div class=\"flo-block-post-grid__item\">\n\t\t\t\t\t<div class=\"flo-block-post-grid__image-wrapper\">\n\t\t\t\t\t\t\t\t\t\t\t\t\t<div class='flo-block-post-grid__image'>\n\t\t\t\t\t\t\t\t<a href=\"https:\/\/fotorogowiec.pl\/?p=968\">\n\t\t\t\t\t\t\t\t\t<img width=\"2560\" height=\"1707\" class=\"lazyload\" data-src=\"https:\/\/fotorogowiec.pl\/wp-content\/uploads\/2024\/02\/A-91-scaled.jpg\" data-srcset=\"https:\/\/fotorogowiec.pl\/wp-content\/uploads\/2024\/02\/A-91-scaled.jpg 2560w, https:\/\/fotorogowiec.pl\/wp-content\/uploads\/2024\/02\/A-91-300x200.jpg 300w, https:\/\/fotorogowiec.pl\/wp-content\/uploads\/2024\/02\/A-91-1024x683.jpg 1024w, https:\/\/fotorogowiec.pl\/wp-content\/uploads\/2024\/02\/A-91-768x512.jpg 768w, https:\/\/fotorogowiec.pl\/wp-content\/uploads\/2024\/02\/A-91-1536x1024.jpg 1536w, https:\/\/fotorogowiec.pl\/wp-content\/uploads\/2024\/02\/A-91-2048x1365.jpg 2048w\" sizes=\"(min-width: 768px) calc(100vw \/ 3), 100vw\" \/>\n\t\t\t\t\t\t\t\t<\/a>\n\t\t\t\t\t\t\t<\/div>\n\t\t\t\t\t\t\n\t\t\t\t\t\t<div class=\"flo-block-post-grid__overlay-wrapper \">\n\t\t\t\t\t\t<a href=\"https:\/\/fotorogowiec.pl\/?p=968\">\t\n\t\t\t\t\t\t\t<div class=\"flo-block-post-grid__overlay\"><\/div>\n\t\t\t\t\t\t<\/a>\n\t\t\t\t\t\t<\/div>\n\n\t\t\t\t\t\t\t\t\t\t\t\t\t\t\t\t<div class=\"flo-block-post-grid__text\">\n\t\t\t\t\t\t\t\t\t\t<h3 class=\"flo-block-post-grid__title\"><a class=\"in_block\" data-font=\"title_1\/xsmall\" href=\"https:\/\/fotorogowiec.pl\/?p=968\">Chrzest \u015aW. Gabrysia<\/a><\/h3>\n\t\t\t\t\t\t\t\t\t<\/div>\n\n\t\t\t\t\t\t\t\t\t\t\t\t\t\t\t<\/div>\n\t\t\t\t\t\t\t\t\t\t\t\t\t\t\t\t\t\t\t<\/div>\n\t\t\t\n\t\t\t\t<div class=\"flo-block-post-grid__item\">\n\t\t\t\t\t<div class=\"flo-block-post-grid__image-wrapper\">\n\t\t\t\t\t\t\t\t\t\t\t\t\t<div class='flo-block-post-grid__image'>\n\t\t\t\t\t\t\t\t<a href=\"https:\/\/fotorogowiec.pl\/?p=880\">\n\t\t\t\t\t\t\t\t\t<img width=\"2560\" height=\"1707\" class=\"lazyload\" data-src=\"https:\/\/fotorogowiec.pl\/wp-content\/uploads\/2024\/01\/a-10-scaled.jpg\" data-srcset=\"https:\/\/fotorogowiec.pl\/wp-content\/uploads\/2024\/01\/a-10-scaled.jpg 2560w, https:\/\/fotorogowiec.pl\/wp-content\/uploads\/2024\/01\/a-10-300x200.jpg 300w, https:\/\/fotorogowiec.pl\/wp-content\/uploads\/2024\/01\/a-10-1024x683.jpg 1024w, https:\/\/fotorogowiec.pl\/wp-content\/uploads\/2024\/01\/a-10-768x512.jpg 768w, https:\/\/fotorogowiec.pl\/wp-content\/uploads\/2024\/01\/a-10-1536x1024.jpg 1536w, https:\/\/fotorogowiec.pl\/wp-content\/uploads\/2024\/01\/a-10-2048x1365.jpg 2048w\" sizes=\"(min-width: 768px) calc(100vw \/ 3), 100vw\" \/>\n\t\t\t\t\t\t\t\t<\/a>\n\t\t\t\t\t\t\t<\/div>\n\t\t\t\t\t\t\n\t\t\t\t\t\t<div class=\"flo-block-post-grid__overlay-wrapper \">\n\t\t\t\t\t\t<a href=\"https:\/\/fotorogowiec.pl\/?p=880\">\t\n\t\t\t\t\t\t\t<div class=\"flo-block-post-grid__overlay\"><\/div>\n\t\t\t\t\t\t<\/a>\n\t\t\t\t\t\t<\/div>\n\n\t\t\t\t\t\t\t\t\t\t\t\t\t\t\t\t<div class=\"flo-block-post-grid__text\">\n\t\t\t\t\t\t\t\t\t\t<h3 class=\"flo-block-post-grid__title\"><a class=\"in_block\" data-font=\"title_1\/xsmall\" href=\"https:\/\/fotorogowiec.pl\/?p=880\">Chrzest \u015aw. Nel<\/a><\/h3>\n\t\t\t\t\t\t\t\t\t<\/div>\n\n\t\t\t\t\t\t\t\t\t\t\t\t\t\t\t<\/div>\n\t\t\t\t\t\t\t\t\t\t\t\t\t\t\t\t\t\t\t<\/div>\n\t\t\t\t\t<\/div>\n\t\t\t<\/div>\n","protected":false},"excerpt":{"rendered":"","protected":false},"author":1,"featured_media":0,"parent":0,"menu_order":0,"comment_status":"closed","ping_status":"closed","template":"","meta":{"footnotes":""},"class_list":["post-1447","page","type-page","status-publish","hentry"],"fbg_featured_image_src":{"full":false,"thumbnail":false,"medium":false,"medium_large":false,"large":false,"1536x1536":false,"2048x2048":false},"fbg_excerpt":null,"_links":{"self":[{"href":"https:\/\/fotorogowiec.pl\/index.php?rest_route=\/wp\/v2\/pages\/1447","targetHints":{"allow":["GET"]}}],"collection":[{"href":"https:\/\/fotorogowiec.pl\/index.php?rest_route=\/wp\/v2\/pages"}],"about":[{"href":"https:\/\/fotorogowiec.pl\/index.php?rest_route=\/wp\/v2\/types\/page"}],"author":[{"embeddable":true,"href":"https:\/\/fotorogowiec.pl\/index.php?rest_route=\/wp\/v2\/users\/1"}],"replies":[{"embeddable":true,"href":"https:\/\/fotorogowiec.pl\/index.php?rest_route=%2Fwp%2Fv2%2Fcomments&post=1447"}],"version-history":[{"count":3,"href":"https:\/\/fotorogowiec.pl\/index.php?rest_route=\/wp\/v2\/pages\/1447\/revisions"}],"predecessor-version":[{"id":1451,"href":"https:\/\/fotorogowiec.pl\/index.php?rest_route=\/wp\/v2\/pages\/1447\/revisions\/1451"}],"wp:attachment":[{"href":"https:\/\/fotorogowiec.pl\/index.php?rest_route=%2Fwp%2Fv2%2Fmedia&parent=1447"}],"curies":[{"name":"wp","href":"https:\/\/api.w.org\/{rel}","templated":true}]}}